{"id":2704,"date":"2017-11-17T12:47:56","date_gmt":"2017-11-17T10:47:56","guid":{"rendered":"http:\/\/klient.taevas.com\/narko\/molodezh\/top-8-pohjust-miks-noored-narkootikume-tarvitavad\/"},"modified":"2018-12-04T11:29:13","modified_gmt":"2018-12-04T09:29:13","slug":"8-prichin-po-kotorym-molodezh-upotreblyaet-narkotiki-2","status":"publish","type":"page","link":"https:\/\/www.narko.ee\/ru\/molodezh\/8-prichin-po-kotorym-molodezh-upotreblyaet-narkotiki-2\/","title":{"rendered":"\u041f\u043e\u0447\u0435\u043c\u0443 \u043c\u043e\u043b\u043e\u0434\u0435\u0436\u044c \u0443\u043f\u043e\u0442\u0440\u0435\u0431\u043b\u044f\u0435\u0442 \u043d\u0430\u0440\u043a\u043e\u0442\u0438\u043a\u0438? \u0422\u041e\u041f-8 \u043f\u0440\u0438\u0447\u0438\u043d"},"content":{"rendered":"","protected":false},"excerpt":{"rendered":"","protected":false},"author":10,"featured_media":2045,"parent":2701,"menu_order":44,"comment_status":"closed","ping_status":"closed","template":"","meta":{"inline_featured_image":false,"footnotes":""},"class_list":["post-2704","page","type-page","status-publish","has-post-thumbnail","hentry"],"acf":[],"yoast_head":"<!-- This site is optimized with the Yoast SEO plugin v19.6 - https:\/\/yoast.com\/wordpress\/plugins\/seo\/ -->\n<title>\u041f\u043e\u0447\u0435\u043c\u0443 \u043c\u043e\u043b\u043e\u0434\u0435\u0436\u044c \u0443\u043f\u043e\u0442\u0440\u0435\u0431\u043b\u044f\u0435\u0442 \u043d\u0430\u0440\u043a\u043e\u0442\u0438\u043a\u0438? \u0422\u041e\u041f-8 \u043f\u0440\u0438\u0447\u0438\u043d - Narko<\/title>\n<meta name=\"description\" content=\"Juhul, kui oled narkootikume tarvitama hakanud v\u00f5i tead s\u00f5pra, kes vajab abi, otsi abi! Aitavad usaldusv\u00e4\u00e4rsed s\u00f5brad, vanemad v\u00f5i teised t\u00e4iskasvanud.\" \/>\n<meta name=\"robots\" content=\"index, follow, max-snippet:-1, max-image-preview:large, max-video-preview:-1\" \/>\n<link rel=\"canonical\" href=\"https:\/\/www.narko.ee\/ru\/molodezh\/8-prichin-po-kotorym-molodezh-upotreblyaet-narkotiki-2\/\" \/>\n<meta property=\"og:locale\" content=\"ru_RU\" \/>\n<meta property=\"og:type\" content=\"article\" \/>\n<meta property=\"og:title\" content=\"Top 8 p\u00f5hjust, miks noored narkootikume tarvitavad\" \/>\n<meta property=\"og:description\" content=\"Juhul, kui oled narkootikume tarvitama hakanud v\u00f5i tead s\u00f5pra, kes vajab abi, otsi abi! Aitavad usaldusv\u00e4\u00e4rsed s\u00f5brad, vanemad v\u00f5i teised t\u00e4iskasvanud.\" \/>\n<meta property=\"og:url\" content=\"https:\/\/www.narko.ee\/ru\/molodezh\/8-prichin-po-kotorym-molodezh-upotreblyaet-narkotiki-2\/\" \/>\n<meta property=\"og:site_name\" content=\"Narko\" \/>\n<meta property=\"article:modified_time\" content=\"2018-12-04T09:29:13+00:00\" \/>\n<meta property=\"og:image\" content=\"https:\/\/www.narko.ee\/wp-content\/\/uploads\/2017\/11\/shutterstock_730755-1.jpg\" \/>\n\t<meta property=\"og:image:width\" content=\"1225\" \/>\n\t<meta property=\"og:image:height\" content=\"814\" \/>\n\t<meta property=\"og:image:type\" content=\"image\/jpeg\" \/>\n<meta name=\"twitter:card\" content=\"summary_large_image\" \/>\n<script type=\"application\/ld+json\" class=\"yoast-schema-graph\">{\"@context\":\"https:\/\/schema.org\",\"@graph\":[{\"@type\":\"WebPage\",\"@id\":\"https:\/\/www.narko.ee\/ru\/molodezh\/8-prichin-po-kotorym-molodezh-upotreblyaet-narkotiki-2\/\",\"url\":\"https:\/\/www.narko.ee\/ru\/molodezh\/8-prichin-po-kotorym-molodezh-upotreblyaet-narkotiki-2\/\",\"name\":\"\u041f\u043e\u0447\u0435\u043c\u0443 \u043c\u043e\u043b\u043e\u0434\u0435\u0436\u044c \u0443\u043f\u043e\u0442\u0440\u0435\u0431\u043b\u044f\u0435\u0442 \u043d\u0430\u0440\u043a\u043e\u0442\u0438\u043a\u0438? \u0422\u041e\u041f-8 \u043f\u0440\u0438\u0447\u0438\u043d - Narko\",\"isPartOf\":{\"@id\":\"https:\/\/www.narko.ee\/#website\"},\"datePublished\":\"2017-11-17T10:47:56+00:00\",\"dateModified\":\"2018-12-04T09:29:13+00:00\",\"description\":\"Juhul, kui oled narkootikume tarvitama hakanud v\u00f5i tead s\u00f5pra, kes vajab abi, otsi abi! Aitavad usaldusv\u00e4\u00e4rsed s\u00f5brad, vanemad v\u00f5i teised t\u00e4iskasvanud.\",\"breadcrumb\":{\"@id\":\"https:\/\/www.narko.ee\/ru\/molodezh\/8-prichin-po-kotorym-molodezh-upotreblyaet-narkotiki-2\/#breadcrumb\"},\"inLanguage\":\"ru-RU\",\"potentialAction\":[{\"@type\":\"ReadAction\",\"target\":[\"https:\/\/www.narko.ee\/ru\/molodezh\/8-prichin-po-kotorym-molodezh-upotreblyaet-narkotiki-2\/\"]}]},{\"@type\":\"BreadcrumbList\",\"@id\":\"https:\/\/www.narko.ee\/ru\/molodezh\/8-prichin-po-kotorym-molodezh-upotreblyaet-narkotiki-2\/#breadcrumb\",\"itemListElement\":[{\"@type\":\"ListItem\",\"position\":1,\"name\":\"Home\",\"item\":\"https:\/\/www.narko.ee\/ru\/\"},{\"@type\":\"ListItem\",\"position\":2,\"name\":\"\u041c\u043e\u043b\u043e\u0434\u0435\u0436\u044c\",\"item\":\"https:\/\/www.narko.ee\/ru\/molodezh\/\"},{\"@type\":\"ListItem\",\"position\":3,\"name\":\"\u041f\u043e\u0447\u0435\u043c\u0443 \u043c\u043e\u043b\u043e\u0434\u0435\u0436\u044c \u0443\u043f\u043e\u0442\u0440\u0435\u0431\u043b\u044f\u0435\u0442 \u043d\u0430\u0440\u043a\u043e\u0442\u0438\u043a\u0438? \u0422\u041e\u041f-8 \u043f\u0440\u0438\u0447\u0438\u043d\"}]},{\"@type\":\"WebSite\",\"@id\":\"https:\/\/www.narko.ee\/#website\",\"url\":\"https:\/\/www.narko.ee\/\",\"name\":\"Narko\",\"description\":\"\",\"potentialAction\":[{\"@type\":\"SearchAction\",\"target\":{\"@type\":\"EntryPoint\",\"urlTemplate\":\"https:\/\/www.narko.ee\/?s={search_term_string}\"},\"query-input\":\"required name=search_term_string\"}],\"inLanguage\":\"ru-RU\"}]}<\/script>\n<!-- \/ Yoast SEO plugin. -->","yoast_head_json":{"title":"\u041f\u043e\u0447\u0435\u043c\u0443 \u043c\u043e\u043b\u043e\u0434\u0435\u0436\u044c \u0443\u043f\u043e\u0442\u0440\u0435\u0431\u043b\u044f\u0435\u0442 \u043d\u0430\u0440\u043a\u043e\u0442\u0438\u043a\u0438? \u0422\u041e\u041f-8 \u043f\u0440\u0438\u0447\u0438\u043d - Narko","description":"Juhul, kui oled narkootikume tarvitama hakanud v\u00f5i tead s\u00f5pra, kes vajab abi, otsi abi! Aitavad usaldusv\u00e4\u00e4rsed s\u00f5brad, vanemad v\u00f5i teised t\u00e4iskasvanud.","robots":{"index":"index","follow":"follow","max-snippet":"max-snippet:-1","max-image-preview":"max-image-preview:large","max-video-preview":"max-video-preview:-1"},"canonical":"https:\/\/www.narko.ee\/ru\/molodezh\/8-prichin-po-kotorym-molodezh-upotreblyaet-narkotiki-2\/","og_locale":"ru_RU","og_type":"article","og_title":"Top 8 p\u00f5hjust, miks noored narkootikume tarvitavad","og_description":"Juhul, kui oled narkootikume tarvitama hakanud v\u00f5i tead s\u00f5pra, kes vajab abi, otsi abi! Aitavad usaldusv\u00e4\u00e4rsed s\u00f5brad, vanemad v\u00f5i teised t\u00e4iskasvanud.","og_url":"https:\/\/www.narko.ee\/ru\/molodezh\/8-prichin-po-kotorym-molodezh-upotreblyaet-narkotiki-2\/","og_site_name":"Narko","article_modified_time":"2018-12-04T09:29:13+00:00","og_image":[{"width":1225,"height":814,"url":"https:\/\/www.narko.ee\/wp-content\/\/uploads\/2017\/11\/shutterstock_730755-1.jpg","type":"image\/jpeg"}],"twitter_card":"summary_large_image","schema":{"@context":"https:\/\/schema.org","@graph":[{"@type":"WebPage","@id":"https:\/\/www.narko.ee\/ru\/molodezh\/8-prichin-po-kotorym-molodezh-upotreblyaet-narkotiki-2\/","url":"https:\/\/www.narko.ee\/ru\/molodezh\/8-prichin-po-kotorym-molodezh-upotreblyaet-narkotiki-2\/","name":"\u041f\u043e\u0447\u0435\u043c\u0443 \u043c\u043e\u043b\u043e\u0434\u0435\u0436\u044c \u0443\u043f\u043e\u0442\u0440\u0435\u0431\u043b\u044f\u0435\u0442 \u043d\u0430\u0440\u043a\u043e\u0442\u0438\u043a\u0438? \u0422\u041e\u041f-8 \u043f\u0440\u0438\u0447\u0438\u043d - Narko","isPartOf":{"@id":"https:\/\/www.narko.ee\/#website"},"datePublished":"2017-11-17T10:47:56+00:00","dateModified":"2018-12-04T09:29:13+00:00","description":"Juhul, kui oled narkootikume tarvitama hakanud v\u00f5i tead s\u00f5pra, kes vajab abi, otsi abi! Aitavad usaldusv\u00e4\u00e4rsed s\u00f5brad, vanemad v\u00f5i teised t\u00e4iskasvanud.","breadcrumb":{"@id":"https:\/\/www.narko.ee\/ru\/molodezh\/8-prichin-po-kotorym-molodezh-upotreblyaet-narkotiki-2\/#breadcrumb"},"inLanguage":"ru-RU","potentialAction":[{"@type":"ReadAction","target":["https:\/\/www.narko.ee\/ru\/molodezh\/8-prichin-po-kotorym-molodezh-upotreblyaet-narkotiki-2\/"]}]},{"@type":"BreadcrumbList","@id":"https:\/\/www.narko.ee\/ru\/molodezh\/8-prichin-po-kotorym-molodezh-upotreblyaet-narkotiki-2\/#breadcrumb","itemListElement":[{"@type":"ListItem","position":1,"name":"Home","item":"https:\/\/www.narko.ee\/ru\/"},{"@type":"ListItem","position":2,"name":"\u041c\u043e\u043b\u043e\u0434\u0435\u0436\u044c","item":"https:\/\/www.narko.ee\/ru\/molodezh\/"},{"@type":"ListItem","position":3,"name":"\u041f\u043e\u0447\u0435\u043c\u0443 \u043c\u043e\u043b\u043e\u0434\u0435\u0436\u044c \u0443\u043f\u043e\u0442\u0440\u0435\u0431\u043b\u044f\u0435\u0442 \u043d\u0430\u0440\u043a\u043e\u0442\u0438\u043a\u0438? \u0422\u041e\u041f-8 \u043f\u0440\u0438\u0447\u0438\u043d"}]},{"@type":"WebSite","@id":"https:\/\/www.narko.ee\/#website","url":"https:\/\/www.narko.ee\/","name":"Narko","description":"","potentialAction":[{"@type":"SearchAction","target":{"@type":"EntryPoint","urlTemplate":"https:\/\/www.narko.ee\/?s={search_term_string}"},"query-input":"required name=search_term_string"}],"inLanguage":"ru-RU"}]}},"_links":{"self":[{"href":"https:\/\/www.narko.ee\/ru\/wp-json\/wp\/v2\/pages\/2704","targetHints":{"allow":["GET"]}}],"collection":[{"href":"https:\/\/www.narko.ee\/ru\/wp-json\/wp\/v2\/pages"}],"about":[{"href":"https:\/\/www.narko.ee\/ru\/wp-json\/wp\/v2\/types\/page"}],"author":[{"embeddable":true,"href":"https:\/\/www.narko.ee\/ru\/wp-json\/wp\/v2\/users\/10"}],"replies":[{"embeddable":true,"href":"https:\/\/www.narko.ee\/ru\/wp-json\/wp\/v2\/comments?post=2704"}],"version-history":[{"count":38,"href":"https:\/\/www.narko.ee\/ru\/wp-json\/wp\/v2\/pages\/2704\/revisions"}],"predecessor-version":[{"id":7233,"href":"https:\/\/www.narko.ee\/ru\/wp-json\/wp\/v2\/pages\/2704\/revisions\/7233"}],"up":[{"embeddable":true,"href":"https:\/\/www.narko.ee\/ru\/wp-json\/wp\/v2\/pages\/2701"}],"wp:featuredmedia":[{"embeddable":true,"href":"https:\/\/www.narko.ee\/ru\/wp-json\/wp\/v2\/media\/2045"}],"wp:attachment":[{"href":"https:\/\/www.narko.ee\/ru\/wp-json\/wp\/v2\/media?parent=2704"}],"curies":[{"name":"wp","href":"https:\/\/api.w.org\/{rel}","templated":true}]}}