{"id":2812,"date":"2017-11-17T16:15:34","date_gmt":"2017-11-17T14:15:34","guid":{"rendered":"http:\/\/klient.taevas.com\/narko\/so-obshhestvo\/stigmatiseerimine-ja-selle-moju\/"},"modified":"2021-10-28T16:08:32","modified_gmt":"2021-10-28T13:08:32","slug":"obshhestvennoe-osuzhdenie-potrebitelej-narkotikov","status":"publish","type":"page","link":"https:\/\/www.narko.ee\/ru\/so-obshhestvo\/obshhestvennoe-osuzhdenie-potrebitelej-narkotikov\/","title":{"rendered":"\u041e\u0441\u0443\u0436\u0434\u0435\u043d\u0438\u0435 \u043e\u0431\u0449\u0435\u0441\u0442\u0432\u043e\u043c \u043b\u044e\u0434\u0435\u0439, \u0443\u043f\u043e\u0442\u0440\u0435\u0431\u043b\u044f\u044e\u0449\u0438\u0445 \u043d\u0430\u0440\u043a\u043e\u0442\u0438\u043a\u0438"},"content":{"rendered":"<p class=\"p1\">\u041e\u0441\u0443\u0436\u0434\u0435\u043d\u0438\u0435 \u043b\u044e\u0434\u0435\u0439, \u0443\u043f\u043e\u0442\u0440\u0435\u0431\u043b\u044f\u044e\u0449\u0438\u0445 \u043d\u0430\u0440\u043a\u043e\u0442\u0438\u043a\u0438, \u0438\u043b\u0438 \u0441\u043e\u0446\u0438\u0430\u043b\u044c\u043d\u0430\u044f \u0441\u0442\u0438\u0433\u043c\u0430\u0442\u0438\u0437\u0430\u0446\u0438\u044f \u043e\u0437\u043d\u0430\u0447\u0430\u0435\u0442 \u0440\u0430\u0441\u043f\u0440\u043e\u0441\u0442\u0440\u0430\u043d\u0435\u043d\u0438\u0435 \u0432 \u043e\u0431\u0449\u0435\u0441\u0442\u0432\u0435 \u043d\u0435\u0433\u0430\u0442\u0438\u0432\u043d\u044b\u0445 \u043f\u0440\u0435\u0434\u0443\u0431\u0435\u0436\u0434\u0435\u043d\u0438\u0439 \u0438 \u0434\u0438\u0441\u043a\u0440\u0438\u043c\u0438\u043d\u0430\u0446\u0438\u0438 \u0432 \u043e\u0442\u043d\u043e\u0448\u0435\u043d\u0438\u0438 \u0433\u0440\u0443\u043f\u043f\u044b \u043d\u0430\u0441\u0435\u043b\u0435\u043d\u0438\u044f \u0441 \u043f\u0440\u0435\u0437\u0438\u0440\u0430\u0435\u043c\u044b\u043c\u0438 \u043a\u0430\u0447\u0435\u0441\u0442\u0432\u0430\u043c\u0438. \u041e\u0434\u043d\u043e\u0439 \u0438\u0437 \u0442\u0430\u043a\u0438\u0445 &#8220;\u043f\u043e\u0437\u043e\u0440\u043d\u044b\u0445&#8221; \u0433\u0440\u0443\u043f\u043f \u044f\u0432\u043b\u044f\u044e\u0442\u0441\u044f \u0437\u0430\u0432\u0438\u0441\u0438\u043c\u044b\u0435 \u043b\u044e\u0434\u0438 \u0438 \u043b\u044e\u0434\u0438, \u0443\u043f\u043e\u0442\u0440\u0435\u0431\u043b\u044f\u044e\u0449\u0438\u0435 \u043d\u0430\u0440\u043a\u043e\u0442\u0438\u043a\u0438.<\/p>\n<p class=\"p1\"><span class=\"s1\">\u041d\u0435\u0440\u0435\u0434\u043a\u043e \u0437\u0430\u0432\u0438\u0441\u0438\u043c\u044b\u0445 \u0441\u0447\u0438\u0442\u0430\u044e\u0442 \u043b\u044e\u0434\u044c\u043c\u0438, \u043a\u043e\u0442\u043e\u0440\u044b\u0435 \u0431\u043e\u043b\u044c\u0448\u0435 \u043d\u0435 \u043d\u0443\u0436\u043d\u044b \u043e\u0431\u0449\u0435\u0441\u0442\u0432\u0443. \u041f\u043e\u0432\u0441\u0435\u043c\u0435\u0441\u0442\u043d\u043e \u043f\u0440\u0438\u0441\u0443\u0442\u0441\u0442\u0432\u0443\u0435\u0442 \u043d\u0435\u0433\u0430\u0442\u0438\u0432\u043d\u043e\u0435 \u043e\u0442\u043d\u043e\u0448\u0435\u043d\u0438\u0435 \u0438 \u0443\u0431\u0435\u0436\u0434\u0435\u043d\u043d\u043e\u0441\u0442\u044c \u0432 \u0442\u043e\u043c, \u0447\u0442\u043e \u043e\u043d\u0438 \u043d\u0438\u043a\u043e\u0433\u0434\u0430 \u043d\u0435 \u0438\u0437\u043c\u0435\u043d\u044f\u0442 \u0441\u0432\u043e\u0438\u0445 \u043f\u0440\u0438\u0432\u044b\u0447\u0435\u043a, \u0447\u0442\u043e \u043e\u043d\u0438 \u0443\u0433\u043e\u043b\u043e\u0432\u043d\u0438\u043a\u0438 \u0438 \u0440\u0430\u0441\u043f\u0440\u043e\u0441\u0442\u0440\u0430\u043d\u0438\u0442\u0435\u043b\u0438 \u043e\u043f\u0430\u0441\u043d\u044b\u0445 \u0438\u043d\u0444\u0435\u043a\u0446\u0438\u043e\u043d\u043d\u044b\u0445 \u0437\u0430\u0431\u043e\u043b\u0435\u0432\u0430\u043d\u0438\u0439. \u041c\u043d\u043e\u0433\u0438\u0435 \u043d\u0435 \u0437\u043d\u0430\u044e\u0442, \u043a\u0430\u043a \u0441\u0435\u0431\u044f \u0432\u0435\u0441\u0442\u0438 \u0441 \u043b\u044e\u0434\u044c\u043c\u0438, \u0443\u043f\u043e\u0442\u0440\u0435\u0431\u043b\u044f\u044e\u0449\u0438\u043c\u0438 \u043d\u0430\u0440\u043a\u043e\u0442\u0438\u043a\u0438, \u0438 \u0447\u0442\u043e \u0441 \u043d\u0438\u043c\u0438 \u0434\u0435\u043b\u0430\u0442\u044c, \u043e\u0442 \u0442\u0430\u043a\u0438\u0445 \u043b\u044e\u0434\u0435\u0439 \u0441\u0442\u0430\u0440\u0430\u044e\u0442\u0441\u044f \u043a\u0430\u043a \u043c\u043e\u0436\u043d\u043e \u0431\u044b\u0441\u0442\u0440\u0435\u0435 \u0434\u0438\u0441\u0442\u0430\u043d\u0446\u0438\u0440\u043e\u0432\u0430\u0442\u044c\u0441\u044f. \u0414\u043b\u044f \u0441\u0440\u0430\u0432\u043d\u0435\u043d\u0438\u044f \u043c\u043e\u0436\u043d\u043e \u043f\u0440\u0438\u0432\u0435\u0441\u0442\u0438 \u043f\u0440\u0438\u043c\u0435\u0440 \u0441 \u0437\u043b\u043e\u0443\u043f\u043e\u0442\u0440\u0435\u0431\u043b\u0435\u043d\u0438\u0435\u043c \u0430\u043b\u043a\u043e\u0433\u043e\u043b\u0435\u043c &#8211; \u0441 \u043d\u0435\u0434\u0430\u0432\u043d\u0438\u0445 \u043f\u043e\u0440 \u044d\u0442\u0443 \u043f\u0440\u043e\u0431\u043b\u0435\u043c\u0443 \u0443 \u043d\u0430\u0441 \u0432 \u043e\u0431\u0449\u0435\u0441\u0442\u0432\u0435 \u0441\u0442\u0430\u043b\u0438 \u043e\u0441\u043e\u0437\u043d\u0430\u0432\u0430\u0442\u044c \u0438 \u043f\u0440\u0438\u0437\u043d\u0430\u0432\u0430\u0442\u044c, \u0438 \u043c\u044b \u0443\u0436\u0435 \u043c\u043e\u0436\u0435\u043c \u043f\u0440\u0438\u043d\u044f\u0442\u044c, \u0447\u0442\u043e \u0430\u043b\u043a\u043e\u0433\u043e\u043b\u0438\u0437\u043c \u044f\u0432\u043b\u044f\u0435\u0442\u0441\u044f \u0437\u0430\u0431\u043e\u043b\u0435\u0432\u0430\u043d\u0438\u0435\u043c. \u041f\u0440\u0438 \u044d\u0442\u043e\u043c \u0437\u043b\u043e\u0443\u043f\u043e\u0442\u0440\u0435\u0431\u043b\u0435\u043d\u0438\u0435 \u043d\u0430\u0440\u043a\u043e\u0442\u0438\u043a\u0430\u043c\u0438 \u043f\u043e-\u043f\u0440\u0435\u0436\u043d\u0435\u043c\u0443 \u0441\u0447\u0438\u0442\u0430\u0435\u0442\u0441\u044f \u0442\u043e\u043b\u044c\u043a\u043e \u0441\u043e\u0431\u0441\u0442\u0432\u0435\u043d\u043d\u044b\u043c \u0432\u044b\u0431\u043e\u0440\u043e\u043c \u0447\u0435\u043b\u043e\u0432\u0435\u043a\u0430, \u043f\u043b\u043e\u0445\u043e\u0439 \u043f\u0440\u0438\u0432\u044b\u0447\u043a\u043e\u0439 \u0438\u043b\u0438 \u0441\u043b\u0430\u0431\u043e\u0441\u0442\u044c\u044e \u0445\u0430\u0440\u0430\u043a\u0442\u0435\u0440\u0430.<\/span><\/p>\n<p class=\"p1\"><span class=\"s1\">\u041f\u0443\u0431\u043b\u0438\u0447\u043d\u043e\u0435 \u043e\u0441\u0443\u0436\u0434\u0435\u043d\u0438\u0435 \u043e\u043f\u0430\u0441\u043d\u043e, \u043e\u043d\u043e \u043c\u043e\u0436\u0435\u0442 \u043d\u0435\u0433\u0430\u0442\u0438\u0432\u043d\u043e \u043f\u043e\u0432\u043b\u0438\u044f\u0442\u044c \u043d\u0430 \u0441\u0430\u043c\u043e\u043e\u0446\u0435\u043d\u043a\u0443 \u0447\u0435\u043b\u043e\u0432\u0435\u043a\u0430, \u0438\u0441\u043f\u043e\u0440\u0442\u0438\u0442\u044c \u0435\u0433\u043e \u043e\u0442\u043d\u043e\u0448\u0435\u043d\u0438\u044f \u0441 \u0431\u043b\u0438\u0437\u043a\u0438\u043c\u0438 \u0438\u043b\u0438 \u043f\u043e\u043c\u0435\u0448\u0430\u0442\u044c \u0435\u043c\u0443 \u043f\u043e\u043b\u0443\u0447\u0438\u0442\u044c \u043b\u0435\u0447\u0435\u043d\u0438\u0435.<\/span><\/p>\n<p class=\"p1\"><span class=\"s1\">\u041f\u043e \u0434\u0430\u043d\u043d\u044b\u043c \u0412\u0441\u0435\u043c\u0438\u0440\u043d\u043e\u0439 \u043e\u0440\u0433\u0430\u043d\u0438\u0437\u0430\u0446\u0438\u0438 \u0437\u0434\u0440\u0430\u0432\u043e\u043e\u0445\u0440\u0430\u043d\u0435\u043d\u0438\u044f \u0434\u0438\u0441\u043a\u0440\u0438\u043c\u0438\u043d\u0430\u0446\u0438\u044f \u0438 \u043e\u0442\u0442\u043e\u0440\u0436\u0435\u043d\u0438\u0435 \u044f\u0432\u043b\u044f\u044e\u0442\u0441\u044f \u043e\u0441\u043d\u043e\u0432\u043d\u044b\u043c\u0438 \u043f\u0440\u0438\u0447\u0438\u043d\u0430\u043c\u0438 \u0442\u0430\u043a\u043e\u0433\u043e \u043e\u0441\u0443\u0436\u0434\u0435\u043d\u0438\u044f \u0438 \u043f\u0440\u0438\u0432\u043e\u0434\u044f\u0442 \u043a \u043d\u0430\u0440\u0443\u0448\u0435\u043d\u0438\u044e \u043f\u0440\u0430\u0432 \u0447\u0435\u043b\u043e\u0432\u0435\u043a\u0430. \u041e\u0431\u0449\u0435\u0441\u0442\u0432\u0435\u043d\u043d\u043e\u0435 \u043e\u0441\u0443\u0436\u0434\u0435\u043d\u0438\u0435 \u0432\u0435\u0434\u0435\u0442 \u043a \u0440\u043e\u0441\u0442\u0443 \u0441\u043b\u0443\u0447\u0430\u0435\u0432 \u0441\u043c\u0435\u0440\u0442\u0438, \u0442\u044e\u0440\u0435\u043c\u043d\u043e\u0433\u043e \u0437\u0430\u043a\u043b\u044e\u0447\u0435\u043d\u0438\u044f \u0438 \u043f\u0440\u043e\u0431\u043b\u0435\u043c \u0441 \u043f\u0441\u0438\u0445\u0438\u0447\u0435\u0441\u043a\u0438\u043c \u0437\u0434\u043e\u0440\u043e\u0432\u044c\u0435\u043c \u0441\u0440\u0435\u0434\u0438 \u0437\u0430\u0432\u0438\u0441\u0438\u043c\u044b\u0445.<\/span><\/p>\n","protected":false},"excerpt":{"rendered":"<p>\u041e\u0441\u0443\u0436\u0434\u0435\u043d\u0438\u0435 \u043b\u044e\u0434\u0435\u0439, \u0443\u043f\u043e\u0442\u0440\u0435\u0431\u043b\u044f\u044e\u0449\u0438\u0445 \u043d\u0430\u0440\u043a\u043e\u0442\u0438\u043a\u0438, \u0438\u043b\u0438 \u0441\u043e\u0446\u0438\u0430\u043b\u044c\u043d\u0430\u044f \u0441\u0442\u0438\u0433\u043c\u0430\u0442\u0438\u0437\u0430\u0446\u0438\u044f \u043e\u0437\u043d\u0430\u0447\u0430\u0435\u0442 \u0440\u0430\u0441\u043f\u0440\u043e\u0441\u0442\u0440\u0430\u043d\u0435\u043d\u0438\u0435 \u0432 \u043e\u0431\u0449\u0435\u0441\u0442\u0432\u0435 \u043d\u0435\u0433\u0430\u0442\u0438\u0432\u043d\u044b\u0445 \u043f\u0440\u0435\u0434\u0443\u0431\u0435\u0436\u0434\u0435\u043d\u0438\u0439 \u0438 \u0434\u0438\u0441\u043a\u0440\u0438\u043c\u0438\u043d\u0430\u0446\u0438\u0438 \u0432 \u043e\u0442\u043d\u043e\u0448\u0435\u043d\u0438\u0438 \u0433\u0440\u0443\u043f\u043f\u044b \u043d\u0430\u0441\u0435\u043b\u0435\u043d\u0438\u044f \u0441 \u043f\u0440\u0435\u0437\u0438\u0440\u0430\u0435\u043c\u044b\u043c\u0438 \u043a\u0430\u0447\u0435\u0441\u0442\u0432\u0430\u043c\u0438. \u041e\u0434\u043d\u043e\u0439 \u0438\u0437 \u0442\u0430\u043a\u0438\u0445 &#8220;\u043f\u043e\u0437\u043e\u0440\u043d\u044b\u0445&#8221; \u0433\u0440\u0443\u043f\u043f \u044f\u0432\u043b\u044f\u044e\u0442\u0441\u044f \u0437\u0430\u0432\u0438\u0441\u0438\u043c\u044b\u0435 \u043b\u044e\u0434\u0438 \u0438 \u043b\u044e\u0434\u0438, \u0443\u043f\u043e\u0442\u0440\u0435\u0431\u043b\u044f\u044e\u0449\u0438\u0435 \u043d\u0430\u0440\u043a\u043e\u0442\u0438\u043a\u0438. \u041d\u0435\u0440\u0435\u0434\u043a\u043e \u0437\u0430\u0432\u0438\u0441\u0438\u043c\u044b\u0445 \u0441\u0447\u0438\u0442\u0430\u044e\u0442 \u043b\u044e\u0434\u044c\u043c\u0438, \u043a\u043e\u0442\u043e\u0440\u044b\u0435 \u0431\u043e\u043b\u044c\u0448\u0435 \u043d\u0435 \u043d\u0443\u0436\u043d\u044b \u043e\u0431\u0449\u0435\u0441\u0442\u0432\u0443. \u041f\u043e\u0432\u0441\u0435\u043c\u0435\u0441\u0442\u043d\u043e \u043f\u0440\u0438\u0441\u0443\u0442\u0441\u0442\u0432\u0443\u0435\u0442 \u043d\u0435\u0433\u0430\u0442\u0438\u0432\u043d\u043e\u0435 \u043e\u0442\u043d\u043e\u0448\u0435\u043d\u0438\u0435 \u0438 \u0443\u0431\u0435\u0436\u0434\u0435\u043d\u043d\u043e\u0441\u0442\u044c \u0432 \u0442\u043e\u043c, \u0447\u0442\u043e \u043e\u043d\u0438 \u043d\u0438\u043a\u043e\u0433\u0434\u0430 \u043d\u0435&#8230;<\/p>\n","protected":false},"author":10,"featured_media":3539,"parent":3614,"menu_order":61,"comment_status":"closed","ping_status":"closed","template":"templates\/sidebar-page.php","meta":{"inline_featured_image":false,"footnotes":""},"class_list":["post-2812","page","type-page","status-publish","has-post-thumbnail","hentry"],"acf":[],"yoast_head":"<!-- This site is optimized with the Yoast SEO plugin v19.6 - https:\/\/yoast.com\/wordpress\/plugins\/seo\/ -->\n<title>\u041e\u0441\u0443\u0436\u0434\u0435\u043d\u0438\u0435 \u043e\u0431\u0449\u0435\u0441\u0442\u0432\u043e\u043c \u043b\u044e\u0434\u0435\u0439, \u0443\u043f\u043e\u0442\u0440\u0435\u0431\u043b\u044f\u044e\u0449\u0438\u0445 \u043d\u0430\u0440\u043a\u043e\u0442\u0438\u043a\u0438 - Narko<\/title>\n<meta name=\"description\" content=\"Narkootikumidest s\u00f5ltuvusse v\u00f5ib j\u00e4\u00e4da iga\u00fcks. On oluline, et me ei h\u00e4bim\u00e4rgistaks narkootikumide tarvitajaid, kuna see ainult halvendab olukorda nii iga inimese jaoks kui ka \u00fchiskonna tasandil tervikuna.\" \/>\n<meta name=\"robots\" content=\"index, follow, max-snippet:-1, max-image-preview:large, max-video-preview:-1\" \/>\n<link rel=\"canonical\" href=\"https:\/\/www.narko.ee\/ru\/so-obshhestvo\/obshhestvennoe-osuzhdenie-potrebitelej-narkotikov\/\" \/>\n<meta property=\"og:locale\" content=\"ru_RU\" \/>\n<meta property=\"og:type\" content=\"article\" \/>\n<meta property=\"og:title\" content=\"\u041e\u0441\u0443\u0436\u0434\u0435\u043d\u0438\u0435 \u043e\u0431\u0449\u0435\u0441\u0442\u0432\u043e\u043c \u043b\u044e\u0434\u0435\u0439, \u0443\u043f\u043e\u0442\u0440\u0435\u0431\u043b\u044f\u044e\u0449\u0438\u0445 \u043d\u0430\u0440\u043a\u043e\u0442\u0438\u043a\u0438 - Narko\" \/>\n<meta property=\"og:description\" content=\"Narkootikumidest s\u00f5ltuvusse v\u00f5ib j\u00e4\u00e4da iga\u00fcks. On oluline, et me ei h\u00e4bim\u00e4rgistaks narkootikumide tarvitajaid, kuna see ainult halvendab olukorda nii iga inimese jaoks kui ka \u00fchiskonna tasandil tervikuna.\" \/>\n<meta property=\"og:url\" content=\"https:\/\/www.narko.ee\/ru\/so-obshhestvo\/obshhestvennoe-osuzhdenie-potrebitelej-narkotikov\/\" \/>\n<meta property=\"og:site_name\" content=\"Narko\" \/>\n<meta property=\"article:modified_time\" content=\"2021-10-28T13:08:32+00:00\" \/>\n<meta property=\"og:image\" content=\"https:\/\/www.narko.ee\/wp-content\/\/uploads\/2017\/11\/luis-tosta-269316-unsplash-1025x683.jpg\" \/>\n\t<meta property=\"og:image:width\" content=\"1025\" \/>\n\t<meta property=\"og:image:height\" content=\"683\" \/>\n\t<meta property=\"og:image:type\" content=\"image\/jpeg\" \/>\n<meta name=\"twitter:card\" content=\"summary_large_image\" \/>\n<script type=\"application\/ld+json\" class=\"yoast-schema-graph\">{\"@context\":\"https:\/\/schema.org\",\"@graph\":[{\"@type\":\"WebPage\",\"@id\":\"https:\/\/www.narko.ee\/ru\/so-obshhestvo\/obshhestvennoe-osuzhdenie-potrebitelej-narkotikov\/\",\"url\":\"https:\/\/www.narko.ee\/ru\/so-obshhestvo\/obshhestvennoe-osuzhdenie-potrebitelej-narkotikov\/\",\"name\":\"\u041e\u0441\u0443\u0436\u0434\u0435\u043d\u0438\u0435 \u043e\u0431\u0449\u0435\u0441\u0442\u0432\u043e\u043c \u043b\u044e\u0434\u0435\u0439, \u0443\u043f\u043e\u0442\u0440\u0435\u0431\u043b\u044f\u044e\u0449\u0438\u0445 \u043d\u0430\u0440\u043a\u043e\u0442\u0438\u043a\u0438 - Narko\",\"isPartOf\":{\"@id\":\"https:\/\/www.narko.ee\/#website\"},\"datePublished\":\"2017-11-17T14:15:34+00:00\",\"dateModified\":\"2021-10-28T13:08:32+00:00\",\"description\":\"Narkootikumidest s\u00f5ltuvusse v\u00f5ib j\u00e4\u00e4da iga\u00fcks. On oluline, et me ei h\u00e4bim\u00e4rgistaks narkootikumide tarvitajaid, kuna see ainult halvendab olukorda nii iga inimese jaoks kui ka \u00fchiskonna tasandil tervikuna.\",\"breadcrumb\":{\"@id\":\"https:\/\/www.narko.ee\/ru\/so-obshhestvo\/obshhestvennoe-osuzhdenie-potrebitelej-narkotikov\/#breadcrumb\"},\"inLanguage\":\"ru-RU\",\"potentialAction\":[{\"@type\":\"ReadAction\",\"target\":[\"https:\/\/www.narko.ee\/ru\/so-obshhestvo\/obshhestvennoe-osuzhdenie-potrebitelej-narkotikov\/\"]}]},{\"@type\":\"BreadcrumbList\",\"@id\":\"https:\/\/www.narko.ee\/ru\/so-obshhestvo\/obshhestvennoe-osuzhdenie-potrebitelej-narkotikov\/#breadcrumb\",\"itemListElement\":[{\"@type\":\"ListItem\",\"position\":1,\"name\":\"Home\",\"item\":\"https:\/\/www.narko.ee\/ru\/\"},{\"@type\":\"ListItem\",\"position\":2,\"name\":\"(\u0421\u043e)\u041e\u0431\u0449\u0435\u0441\u0442\u0432\u043e\",\"item\":\"https:\/\/www.narko.ee\/ru\/so-obshhestvo\/\"},{\"@type\":\"ListItem\",\"position\":3,\"name\":\"\u041e\u0441\u0443\u0436\u0434\u0435\u043d\u0438\u0435 \u043e\u0431\u0449\u0435\u0441\u0442\u0432\u043e\u043c \u043b\u044e\u0434\u0435\u0439, \u0443\u043f\u043e\u0442\u0440\u0435\u0431\u043b\u044f\u044e\u0449\u0438\u0445 \u043d\u0430\u0440\u043a\u043e\u0442\u0438\u043a\u0438\"}]},{\"@type\":\"WebSite\",\"@id\":\"https:\/\/www.narko.ee\/#website\",\"url\":\"https:\/\/www.narko.ee\/\",\"name\":\"Narko\",\"description\":\"\",\"potentialAction\":[{\"@type\":\"SearchAction\",\"target\":{\"@type\":\"EntryPoint\",\"urlTemplate\":\"https:\/\/www.narko.ee\/?s={search_term_string}\"},\"query-input\":\"required name=search_term_string\"}],\"inLanguage\":\"ru-RU\"}]}<\/script>\n<!-- \/ Yoast SEO plugin. -->","yoast_head_json":{"title":"\u041e\u0441\u0443\u0436\u0434\u0435\u043d\u0438\u0435 \u043e\u0431\u0449\u0435\u0441\u0442\u0432\u043e\u043c \u043b\u044e\u0434\u0435\u0439, \u0443\u043f\u043e\u0442\u0440\u0435\u0431\u043b\u044f\u044e\u0449\u0438\u0445 \u043d\u0430\u0440\u043a\u043e\u0442\u0438\u043a\u0438 - Narko","description":"Narkootikumidest s\u00f5ltuvusse v\u00f5ib j\u00e4\u00e4da iga\u00fcks. On oluline, et me ei h\u00e4bim\u00e4rgistaks narkootikumide tarvitajaid, kuna see ainult halvendab olukorda nii iga inimese jaoks kui ka \u00fchiskonna tasandil tervikuna.","robots":{"index":"index","follow":"follow","max-snippet":"max-snippet:-1","max-image-preview":"max-image-preview:large","max-video-preview":"max-video-preview:-1"},"canonical":"https:\/\/www.narko.ee\/ru\/so-obshhestvo\/obshhestvennoe-osuzhdenie-potrebitelej-narkotikov\/","og_locale":"ru_RU","og_type":"article","og_title":"\u041e\u0441\u0443\u0436\u0434\u0435\u043d\u0438\u0435 \u043e\u0431\u0449\u0435\u0441\u0442\u0432\u043e\u043c \u043b\u044e\u0434\u0435\u0439, \u0443\u043f\u043e\u0442\u0440\u0435\u0431\u043b\u044f\u044e\u0449\u0438\u0445 \u043d\u0430\u0440\u043a\u043e\u0442\u0438\u043a\u0438 - Narko","og_description":"Narkootikumidest s\u00f5ltuvusse v\u00f5ib j\u00e4\u00e4da iga\u00fcks. On oluline, et me ei h\u00e4bim\u00e4rgistaks narkootikumide tarvitajaid, kuna see ainult halvendab olukorda nii iga inimese jaoks kui ka \u00fchiskonna tasandil tervikuna.","og_url":"https:\/\/www.narko.ee\/ru\/so-obshhestvo\/obshhestvennoe-osuzhdenie-potrebitelej-narkotikov\/","og_site_name":"Narko","article_modified_time":"2021-10-28T13:08:32+00:00","og_image":[{"width":1025,"height":683,"url":"https:\/\/www.narko.ee\/wp-content\/\/uploads\/2017\/11\/luis-tosta-269316-unsplash-1025x683.jpg","type":"image\/jpeg"}],"twitter_card":"summary_large_image","schema":{"@context":"https:\/\/schema.org","@graph":[{"@type":"WebPage","@id":"https:\/\/www.narko.ee\/ru\/so-obshhestvo\/obshhestvennoe-osuzhdenie-potrebitelej-narkotikov\/","url":"https:\/\/www.narko.ee\/ru\/so-obshhestvo\/obshhestvennoe-osuzhdenie-potrebitelej-narkotikov\/","name":"\u041e\u0441\u0443\u0436\u0434\u0435\u043d\u0438\u0435 \u043e\u0431\u0449\u0435\u0441\u0442\u0432\u043e\u043c \u043b\u044e\u0434\u0435\u0439, \u0443\u043f\u043e\u0442\u0440\u0435\u0431\u043b\u044f\u044e\u0449\u0438\u0445 \u043d\u0430\u0440\u043a\u043e\u0442\u0438\u043a\u0438 - Narko","isPartOf":{"@id":"https:\/\/www.narko.ee\/#website"},"datePublished":"2017-11-17T14:15:34+00:00","dateModified":"2021-10-28T13:08:32+00:00","description":"Narkootikumidest s\u00f5ltuvusse v\u00f5ib j\u00e4\u00e4da iga\u00fcks. On oluline, et me ei h\u00e4bim\u00e4rgistaks narkootikumide tarvitajaid, kuna see ainult halvendab olukorda nii iga inimese jaoks kui ka \u00fchiskonna tasandil tervikuna.","breadcrumb":{"@id":"https:\/\/www.narko.ee\/ru\/so-obshhestvo\/obshhestvennoe-osuzhdenie-potrebitelej-narkotikov\/#breadcrumb"},"inLanguage":"ru-RU","potentialAction":[{"@type":"ReadAction","target":["https:\/\/www.narko.ee\/ru\/so-obshhestvo\/obshhestvennoe-osuzhdenie-potrebitelej-narkotikov\/"]}]},{"@type":"BreadcrumbList","@id":"https:\/\/www.narko.ee\/ru\/so-obshhestvo\/obshhestvennoe-osuzhdenie-potrebitelej-narkotikov\/#breadcrumb","itemListElement":[{"@type":"ListItem","position":1,"name":"Home","item":"https:\/\/www.narko.ee\/ru\/"},{"@type":"ListItem","position":2,"name":"(\u0421\u043e)\u041e\u0431\u0449\u0435\u0441\u0442\u0432\u043e","item":"https:\/\/www.narko.ee\/ru\/so-obshhestvo\/"},{"@type":"ListItem","position":3,"name":"\u041e\u0441\u0443\u0436\u0434\u0435\u043d\u0438\u0435 \u043e\u0431\u0449\u0435\u0441\u0442\u0432\u043e\u043c \u043b\u044e\u0434\u0435\u0439, \u0443\u043f\u043e\u0442\u0440\u0435\u0431\u043b\u044f\u044e\u0449\u0438\u0445 \u043d\u0430\u0440\u043a\u043e\u0442\u0438\u043a\u0438"}]},{"@type":"WebSite","@id":"https:\/\/www.narko.ee\/#website","url":"https:\/\/www.narko.ee\/","name":"Narko","description":"","potentialAction":[{"@type":"SearchAction","target":{"@type":"EntryPoint","urlTemplate":"https:\/\/www.narko.ee\/?s={search_term_string}"},"query-input":"required name=search_term_string"}],"inLanguage":"ru-RU"}]}},"_links":{"self":[{"href":"https:\/\/www.narko.ee\/ru\/wp-json\/wp\/v2\/pages\/2812","targetHints":{"allow":["GET"]}}],"collection":[{"href":"https:\/\/www.narko.ee\/ru\/wp-json\/wp\/v2\/pages"}],"about":[{"href":"https:\/\/www.narko.ee\/ru\/wp-json\/wp\/v2\/types\/page"}],"author":[{"embeddable":true,"href":"https:\/\/www.narko.ee\/ru\/wp-json\/wp\/v2\/users\/10"}],"replies":[{"embeddable":true,"href":"https:\/\/www.narko.ee\/ru\/wp-json\/wp\/v2\/comments?post=2812"}],"version-history":[{"count":16,"href":"https:\/\/www.narko.ee\/ru\/wp-json\/wp\/v2\/pages\/2812\/revisions"}],"predecessor-version":[{"id":51563,"href":"https:\/\/www.narko.ee\/ru\/wp-json\/wp\/v2\/pages\/2812\/revisions\/51563"}],"up":[{"embeddable":true,"href":"https:\/\/www.narko.ee\/ru\/wp-json\/wp\/v2\/pages\/3614"}],"wp:featuredmedia":[{"embeddable":true,"href":"https:\/\/www.narko.ee\/ru\/wp-json\/wp\/v2\/media\/3539"}],"wp:attachment":[{"href":"https:\/\/www.narko.ee\/ru\/wp-json\/wp\/v2\/media?parent=2812"}],"curies":[{"name":"wp","href":"https:\/\/api.w.org\/{rel}","templated":true}]}}