{"id":53274,"date":"2025-12-03T11:52:44","date_gmt":"2025-12-03T09:52:44","guid":{"rendered":"https:\/\/www.narko.ee\/potrebiteli\/testimine\/"},"modified":"2026-03-19T10:21:17","modified_gmt":"2026-03-19T08:21:17","slug":"testirovanie","status":"publish","type":"page","link":"https:\/\/www.narko.ee\/ru\/so-obshhestvo\/testirovanie\/","title":{"rendered":"\u0422\u0435\u0441\u0442\u0438\u0440\u043e\u0432\u0430\u043d\u0438\u0435 \u043f\u0440\u0435\u0434\u043c\u0435\u0442\u043e\u0432, \u0441\u043e\u043f\u0440\u0438\u043a\u0430\u0441\u0430\u0432\u0448\u0438\u0445\u0441\u044f \u0441 \u043d\u0430\u0440\u043a\u043e\u0442\u0438\u043a\u0430\u043c\u0438"},"content":{"rendered":"<p><strong>\u041f\u0440\u0438 \u0443\u043f\u043e\u0442\u0440\u0435\u0431\u043b\u0435\u043d\u0438\u0438 \u043d\u0430\u0440\u043a\u043e\u0442\u0438\u043a\u043e\u0432 \u044d\u0444\u0444\u0435\u043a\u0442 \u043e\u043a\u0430\u0437\u0430\u043b\u0441\u044f \u043a\u0430\u043a\u0438\u043c-\u0442\u043e \u043d\u0435\u043e\u0436\u0438\u0434\u0430\u043d\u043d\u044b\u043c \u0438\u043b\u0438 \u043d\u0435\u043e\u0431\u044b\u0447\u043d\u044b\u043c? <\/strong><\/p>\n<p><strong>\u041f\u0440\u0438\u043d\u043e\u0441\u0438 \u0441\u043e\u043f\u0440\u0438\u043a\u0430\u0441\u0430\u0432\u0448\u0438\u0435\u0441\u044f \u0441 \u043d\u0430\u0440\u043a\u043e\u0442\u0438\u043a\u0430\u043c\u0438 \u043f\u0440\u0435\u0434\u043c\u0435\u0442\u044b \u043d\u0430 \u0442\u0435\u0441\u0442\u0438\u0440\u043e\u0432\u0430\u043d\u0438\u0435!<\/strong><\/p>\n<p>\u0425\u0438\u043c\u0438\u0447\u0435\u0441\u043a\u0438\u0439 \u0430\u043d\u0430\u043b\u0438\u0437 \u043f\u043e\u043c\u043e\u0436\u0435\u0442 \u0432\u044b\u044f\u0441\u043d\u0438\u0442\u044c, \u0441\u043e\u0434\u0435\u0440\u0436\u0430\u043b\u0438\u0441\u044c \u043b\u0438 \u0432 \u0443\u043f\u043e\u0442\u0440\u0435\u0431\u043b\u0435\u043d\u043d\u043e\u043c \u043d\u0430\u0440\u043a\u043e\u0442\u0438\u043a\u0435 \u043e\u043f\u0430\u0441\u043d\u044b\u0435 \u0432\u0435\u0449\u0435\u0441\u0442\u0432\u0430. \u0422\u0430\u043a \u0442\u044b \u0441\u043c\u043e\u0436\u0435\u0448\u044c \u043f\u043e\u043c\u043e\u0447\u044c \u043f\u0440\u0435\u0434\u043e\u0442\u0432\u0440\u0430\u0442\u0438\u0442\u044c \u0441\u0435\u0440\u044c\u0435\u0437\u043d\u044b\u0435 \u043d\u0430\u0440\u0443\u0448\u0435\u043d\u0438\u044f \u0437\u0434\u043e\u0440\u043e\u0432\u044c\u044f \u0438 \u0441\u043f\u0430\u0441\u0442\u0438 \u0436\u0438\u0437\u043d\u0438 \u043b\u044e\u0434\u0435\u0439.<\/p>\n<p>\u041d\u0430 \u0430\u043d\u0430\u043b\u0438\u0437 \u043f\u0440\u0438\u043d\u0438\u043c\u0430\u044e\u0442\u0441\u044f \u0442\u043e\u043b\u044c\u043a\u043e \u043f\u0440\u0435\u0434\u043c\u0435\u0442\u044b, \u043e\u0441\u0442\u0430\u0432\u0448\u0438\u0435\u0441\u044f \u043f\u043e\u0441\u043b\u0435 \u0443\u043f\u043e\u0442\u0440\u0435\u0431\u043b\u0435\u043d\u0438\u044f \u043d\u0430\u0440\u043a\u043e\u0442\u0438\u043a\u043e\u0432 \u0438 \u0441\u043e\u043f\u0440\u0438\u043a\u0430\u0441\u0430\u0432\u0448\u0438\u0435\u0441\u044f \u0441 \u043d\u0438\u043c\u0438 \u0438 \u043e\u0442 \u0443\u043f\u043e\u0442\u0440\u0435\u0431\u043b\u0435\u043d\u0438\u044f \u043a\u043e\u0442\u043e\u0440\u044b\u0445 \u044d\u0444\u0444\u0435\u043a\u0442 \u0431\u044b\u043b \u043a\u0430\u043a\u0438\u043c-\u0442\u043e \u043d\u0435\u043e\u0436\u0438\u0434\u0430\u043d\u043d\u044b\u043c \u0438\u043b\u0438 \u043d\u0435\u043e\u0431\u044b\u0447\u043d\u044b\u043c.<\/p>\n<h2>\u041a\u0430\u043a\u0438\u0435 \u043f\u0440\u0435\u0434\u043c\u0435\u0442\u044b \u043f\u043e\u0434\u0445\u043e\u0434\u044f\u0442 \u0434\u043b\u044f \u0430\u043d\u0430\u043b\u0438\u0437\u0430 \u0438 \u043a\u0430\u043a\u0438\u0435 \u043d\u0435 \u043f\u043e\u0434\u0445\u043e\u0434\u044f\u0442?<\/h2>\n<table style=\"border-collapse: collapse; width: 93.106%; height: 120px;\">\n<tbody>\n<tr style=\"height: 24px;\">\n<td style=\"width: 45.334%; height: 24px;\"><strong>\u041f\u043e\u0434\u0445\u043e\u0434\u044f\u0449\u0438\u0435 \u043f\u0440\u0435\u0434\u043c\u0435\u0442\u044b<\/strong><\/td>\n<td style=\"width: 47.6519%; height: 24px;\"><strong>\u041d\u0435\u043f\u043e\u0434\u0445\u043e\u0434\u044f\u0449\u0438\u0435 \u043f\u0440\u0435\u0434\u043c\u0435\u0442\u044b<\/strong><\/td>\n<\/tr>\n<tr style=\"height: 24px;\">\n<td style=\"width: 45.334%; height: 24px;\">\n<ul>\n<li>\u043c\u0438\u043d\u0438\u0433\u0440\u0438\u043f \u043f\u0430\u043a\u0435\u0442\u0438\u043a, \u0444\u043e\u043b\u044c\u0433\u0430 \u0438\u043b\u0438 \u0434\u0440\u0443\u0433\u0430\u044f \u0443\u043f\u0430\u043a\u043e\u0432\u043a\u0430\/\u043e\u0431\u0435\u0440\u0442\u043a\u0430, \u0433\u0434\u0435 \u0440\u0430\u043d\u0435\u0435 \u043d\u0430\u0445\u043e\u0434\u0438\u043b\u043e\u0441\u044c \u0432\u0435\u0449\u0435\u0441\u0442\u0432\u043e<\/li>\n<li>\u0438\u0441\u043f\u043e\u043b\u044c\u0437\u043e\u0432\u0430\u043d\u043d\u0430\u044f \u043f\u043e\u0441\u0443\u0434\u0430 \u0434\u043b\u044f \u043d\u0430\u0433\u0440\u0435\u0432\u0430\u043d\u0438\u044f (\u043d\u0430\u043f\u0440\u0438\u043c\u0435\u0440, \u043b\u043e\u0436\u043a\u0430)<\/li>\n<li>\u0438\u0441\u043f\u043e\u043b\u044c\u0437\u043e\u0432\u0430\u043d\u043d\u044b\u0439 \u0448\u043f\u0440\u0438\u0446<\/li>\n<\/ul>\n<\/td>\n<td style=\"width: 47.6519%; height: 24px;\">\n<ul>\n<li>\u0446\u0435\u043b\u0430\u044f \u0442\u0430\u0431\u043b\u0435\u0442\u043a\u0430<\/li>\n<li>\u043c\u0438\u043d\u0438\u0433\u0440\u0438\u043f \u043f\u0430\u043a\u0435\u0442\u0438\u043a, \u0432 \u043a\u043e\u0442\u043e\u0440\u043e\u043c \u0441\u043e\u0434\u0435\u0440\u0436\u0438\u0442\u0441\u044f \u0434\u043e\u0441\u0442\u0430\u0442\u043e\u0447\u043d\u043e \u0431\u043e\u043b\u044c\u0448\u043e\u0435 \u043d\u0430 \u0432\u0438\u0434 \u043a\u043e\u043b\u0438\u0447\u0435\u0441\u0442\u0432\u043e \u0432\u0435\u0449\u0435\u0441\u0442\u0432\u0430<\/li>\n<li>\u0443\u043f\u0430\u043a\u043e\u0432\u043a\u0430 \u0431\u0435\u0437 \u0441\u043b\u0435\u0434\u043e\u0432 \u0432\u0435\u0449\u0435\u0441\u0442\u0432\u0430<\/li>\n<li>\u043d\u0435\u0438\u0441\u043f\u043e\u043b\u044c\u0437\u043e\u0432\u0430\u043d\u043d\u044b\u0435 \u043f\u0440\u0438\u043d\u0430\u0434\u043b\u0435\u0436\u043d\u043e\u0441\u0442\u0438 \u0434\u043b\u044f \u0443\u043f\u043e\u0442\u0440\u0435\u0431\u043b\u0435\u043d\u0438\u044f<\/li>\n<\/ul>\n<\/td>\n<\/tr>\n<\/tbody>\n<\/table>\n<h2>\u0427\u0442\u043e \u0438 \u043a\u0430\u043a \u043d\u0443\u0436\u043d\u043e \u0434\u0435\u043b\u0430\u0442\u044c?<\/h2>\n<ol>\n<li><strong>\u0412\u043e\u0437\u044c\u043c\u0438 \u043f\u0430\u043a\u0435\u0442, \u0432 \u043a\u043e\u0442\u043e\u0440\u043e\u043c \u043b\u0435\u0436\u0438\u0442 \u0430\u043d\u043a\u0435\u0442\u0430.<\/strong> \u041a\u043e\u043c\u043f\u043b\u0435\u043a\u0442 \u0441 \u043f\u0430\u043a\u0435\u0442\u043e\u043c \u0438 \u0430\u043d\u043a\u0435\u0442\u043e\u0439 \u043c\u043e\u0436\u043d\u043e \u0432\u0437\u044f\u0442\u044c \u0432 \u0446\u0435\u043d\u0442\u0440\u0435 \u0441\u043d\u0438\u0436\u0435\u043d\u0438\u044f \u0432\u0440\u0435\u0434\u0430, \u0443 \u0443\u043b\u0438\u0447\u043d\u043e\u0433\u043e \u0440\u0430\u0431\u043e\u0442\u043d\u0438\u043a\u0430 \u0438\u043b\u0438 \u0443 \u0434\u043e\u0431\u0440\u043e\u0432\u043e\u043b\u044c\u0446\u0435\u0432 \u0431\u0435\u0437\u043e\u043f\u0430\u0441\u043d\u043e\u0439 \u043d\u043e\u0447\u043d\u043e\u0439 \u0436\u0438\u0437\u043d\u0438.<\/li>\n<li><strong>\u0417\u0430\u043f\u043e\u043b\u043d\u0438 \u0430\u043d\u043e\u043d\u0438\u043c\u043d\u0443\u044e \u0430\u043d\u043a\u0435\u0442\u0443.<\/strong> \u041d\u0430 \u0430\u043d\u0430\u043b\u0438\u0437 \u043f\u0440\u0438\u043d\u0438\u043c\u0430\u044e\u0442\u0441\u044f \u0442\u043e\u043b\u044c\u043a\u043e \u0442\u0435 \u043f\u0440\u0435\u0434\u043c\u0435\u0442\u044b, \u043a \u043a\u043e\u0442\u043e\u0440\u044b\u043c \u043f\u0440\u0438\u043b\u043e\u0436\u0435\u043d\u044b \u0437\u0430\u043f\u043e\u043b\u043d\u0435\u043d\u043d\u044b\u0435 \u0430\u043d\u043a\u0435\u0442\u044b.<\/li>\n<li><strong>\u041e\u0442\u043e\u0440\u0432\u0438 \u043e\u0442 \u0430\u043d\u043a\u0435\u0442\u044b \u043d\u0438\u0436\u043d\u044e\u044e \u0447\u0430\u0441\u0442\u044c \u0441 \u043a\u043e\u0434\u043e\u043c \u0438\u043b\u0438 \u0441\u0434\u0435\u043b\u0430\u0439 \u0444\u043e\u0442\u043e.<\/strong> \u041a\u043e\u0434 \u043e\u0441\u0442\u0430\u0435\u0442\u0441\u044f \u0442\u0435\u0431\u0435 \u2013 \u043f\u043e \u043d\u0435\u043c\u0443 \u043f\u043e\u0442\u043e\u043c \u0443\u0437\u043d\u0430\u0435\u0448\u044c \u0441\u0432\u043e\u0439 \u043e\u0442\u0432\u0435\u0442.<\/li>\n<li><strong>\u041f\u043e\u043b\u043e\u0436\u0438 \u0437\u0430\u043f\u043e\u043b\u043d\u0435\u043d\u043d\u0443\u044e \u0430\u043d\u043a\u0435\u0442\u0443 \u0438 \u043f\u0440\u0435\u0434\u043c\u0435\u0442 \u0441 \u043e\u0441\u0442\u0430\u0442\u043a\u0430\u043c\u0438 \u0432\u0435\u0449\u0435\u0441\u0442\u0432\u0430 \u0432 \u043f\u0430\u043a\u0435\u0442 \u0438 \u0437\u0430\u043a\u0440\u043e\u0439 \u0435\u0433\u043e.<\/strong> \u0415\u0441\u043b\u0438 \u0443 \u0442\u0435\u0431\u044f \u043d\u0435\u0441\u043a\u043e\u043b\u044c\u043a\u043e \u043f\u0440\u0435\u0434\u043c\u0435\u0442\u043e\u0432 \u0434\u043b\u044f \u0430\u043d\u0430\u043b\u0438\u0437\u0430, \u0442\u043e \u043e\u0444\u043e\u0440\u043c\u0438 \u043a\u0430\u0436\u0434\u044b\u0439 \u043f\u0440\u0435\u0434\u043c\u0435\u0442 \u043e\u0442\u0434\u0435\u043b\u044c\u043d\u043e \u0442\u0430\u043a\u0438\u043c \u0436\u0435 \u043e\u0431\u0440\u0430\u0437\u043e\u043c. \u041f\u0430\u043a\u0435\u0442\u044b \u0441 \u043d\u0435\u0441\u043a\u043e\u043b\u044c\u043a\u0438\u043c\u0438 \u043f\u0440\u0435\u0434\u043c\u0435\u0442\u0430\u043c\u0438 \u0432\u043d\u0443\u0442\u0440\u0438 \u043d\u0430 \u0430\u043d\u0430\u043b\u0438\u0437 \u043d\u0435 \u043f\u0440\u0438\u043d\u0438\u043c\u0430\u044e\u0442\u0441\u044f.<\/li>\n<li><strong>\u041f\u043e\u043b\u043e\u0436\u0438 \u043f\u0430\u043a\u0435\u0442 \u0432 \u0441\u043f\u0435\u0446\u0438\u0430\u043b\u044c\u043d\u044b\u0439 \u044f\u0449\u0438\u043a, \u043d\u0430\u0445\u043e\u0434\u044f\u0449\u0438\u0439\u0441\u044f \u0432 \u0446\u0435\u043d\u0442\u0440\u0435 \u0441\u043d\u0438\u0436\u0435\u043d\u0438\u044f \u0432\u0440\u0435\u0434\u0430.<\/strong><\/li>\n<\/ol>\n<h2>\u0413\u0434\u0435 \u043d\u0430\u0445\u043e\u0434\u044f\u0442\u0441\u044f \u0441\u043f\u0435\u0446\u0438\u0430\u043b\u044c\u043d\u044b\u0435 \u044f\u0449\u0438\u043a\u0438 \u0434\u043b\u044f \u0441\u0431\u043e\u0440\u0430 \u043f\u0440\u043e\u0431?<\/h2>\n<p><strong>\u042f\u0449\u0438\u043a\u0438 \u0434\u043b\u044f \u0441\u0431\u043e\u0440\u0430 \u043f\u0440\u043e\u0431 \u043d\u0430\u0445\u043e\u0434\u044f\u0442\u0441\u044f:\u00a0<\/strong><\/p>\n<ul>\n<li>\u0432 \u0422\u0430\u043b\u043b\u0438\u043d\u043d\u0435 \u043f\u043e \u0430\u0434\u0440\u0435\u0441\u0443 \u041b\u0430\u0441\u0442\u0435\u043a\u043e\u0434\u0443 6 (Convictus Eesti MT\u00dc)<\/li>\n<li>\u0432 \u041d\u0430\u0440\u0432\u0435 \u043f\u043e \u0430\u0434\u0440\u0435\u0441\u0443 \u041f\u0430\u0440\u0442\u0438\u0437\u0430\u043d\u0438 6 (Viljandi Haigla MT\u00dc)<\/li>\n<li>\u0432 \u041a\u043e\u0445\u0442\u043b\u0430-\u042f\u0440\u0432\u0435 \u043f\u043e \u0430\u0434\u0440\u0435\u0441\u0443 \u0420\u0430\u0432\u0438 10\u041a (Me Aitame Sind MT\u00dc)<\/li>\n<\/ul>\n<h2>\u0413\u0434\u0435 \u0438 \u043a\u043e\u0433\u0434\u0430 \u043c\u043e\u0436\u043d\u043e \u043f\u043e\u0441\u043c\u043e\u0442\u0440\u0435\u0442\u044c \u0440\u0435\u0437\u0443\u043b\u044c\u0442\u0430\u0442\u044b \u0430\u043d\u0430\u043b\u0438\u0437\u0430?<\/h2>\n<p>\u0420\u0435\u0437\u0443\u043b\u044c\u0442\u0430\u0442\u044b \u0431\u0443\u0434\u0443\u0442 \u043e\u043f\u0443\u0431\u043b\u0438\u043a\u043e\u0432\u0430\u043d\u044b \u0432 \u0442\u0435\u0447\u0435\u043d\u0438\u0435 3 \u043d\u0435\u0434\u0435\u043b\u044c <a href=\"https:\/\/www.narko.ee\/kogukond\/testimine-tulemused\">\u0437\u0434\u0435\u0441\u044c \u043d\u0430 \u0441\u0430\u0439\u0442\u0435 narko.ee \u2013 \u043e\u0442\u0432\u0435\u0442 \u0441\u043c\u043e\u0442\u0440\u0438 \u043f\u043e \u043a\u043e\u0434\u0443 (\u0430\u043d\u043a\u0435\u0442\u044b)<\/a>.<\/p>\n<p>\u0414\u0430\u043d\u043d\u043e\u0435 \u0430\u043d\u043e\u043d\u0438\u043c\u043d\u043e\u0435 \u0438\u0441\u0441\u043b\u0435\u0434\u043e\u0432\u0430\u043d\u0438\u0435 \u043f\u0440\u043e\u0432\u043e\u0434\u0438\u0442\u0441\u044f \u0418\u043d\u0441\u0442\u0438\u0442\u0443\u0442\u043e\u043c \u0440\u0430\u0437\u0432\u0438\u0442\u0438\u044f \u0437\u0434\u043e\u0440\u043e\u0432\u044c\u044f \u0438 \u044f\u0432\u043b\u044f\u0435\u0442\u0441\u044f \u0447\u0430\u0441\u0442\u044c\u044e \u0440\u0430\u0437\u0440\u0430\u0431\u0430\u0442\u044b\u0432\u0430\u0435\u043c\u043e\u0439 \u0441\u0438\u0441\u0442\u0435\u043c\u044b \u0440\u0430\u043d\u043d\u0435\u0433\u043e \u043e\u043f\u043e\u0432\u0435\u0449\u0435\u043d\u0438\u044f, \u0446\u0435\u043b\u044c \u043a\u043e\u0442\u043e\u0440\u043e\u0439 \u2013 \u0431\u044b\u0441\u0442\u0440\u043e\u0435 \u0438 \u0441\u0432\u043e\u0435\u0432\u0440\u0435\u043c\u0435\u043d\u043d\u043e\u0435 \u043e\u0431\u043d\u0430\u0440\u0443\u0436\u0435\u043d\u0438\u0435 \u043e\u043f\u0430\u0441\u043d\u044b\u0445 \u0432\u0435\u0449\u0435\u0441\u0442\u0432, \u0440\u0430\u0441\u043f\u0440\u043e\u0441\u0442\u0440\u0430\u043d\u044f\u0435\u043c\u044b\u0445 \u043d\u0430 \u0440\u044b\u043d\u043a\u0435 \u043f\u0441\u0438\u0445\u043e\u0430\u043a\u0442\u0438\u0432\u043d\u044b\u0445 \u0432\u0435\u0449\u0435\u0441\u0442\u0432, \u0438 \u043f\u0440\u0435\u0434\u043e\u0442\u0432\u0440\u0430\u0449\u0435\u043d\u0438\u0435 \u043d\u0430\u043d\u0435\u0441\u0435\u043d\u0438\u044f \u0432\u0440\u0435\u0434\u0430 \u0437\u0434\u043e\u0440\u043e\u0432\u044c\u044e \u043b\u044e\u0434\u0435\u0439. \u0425\u0438\u043c\u0438\u0447\u0435\u0441\u043a\u0438\u0439 \u0430\u043d\u0430\u043b\u0438\u0437 \u043e\u0441\u0443\u0449\u0435\u0441\u0442\u0432\u043b\u044f\u0435\u0442\u0441\u044f \u0418\u043d\u0441\u0442\u0438\u0442\u0443\u0442\u043e\u043c \u0441\u0443\u0434\u0435\u0431\u043d\u043e\u0439 \u044d\u043a\u0441\u043f\u0435\u0440\u0442\u0438\u0437\u044b \u042d\u0441\u0442\u043e\u043d\u0438\u0438. \u0418\u0441\u0441\u043b\u0435\u0434\u043e\u0432\u0430\u043d\u0438\u0435 \u043f\u043b\u0430\u043d\u0438\u0440\u0443\u0435\u0442\u0441\u044f \u043f\u0440\u043e\u0432\u043e\u0434\u0438\u0442\u044c \u0432 \u0442\u0435\u0447\u0435\u043d\u0438\u0435 \u043d\u0435\u0441\u043a\u043e\u043b\u044c\u043a\u0438\u0445 \u043b\u0435\u0442.<\/p>\n","protected":false},"excerpt":{"rendered":"<p>\u041f\u0440\u0438 \u0443\u043f\u043e\u0442\u0440\u0435\u0431\u043b\u0435\u043d\u0438\u0438 \u043d\u0430\u0440\u043a\u043e\u0442\u0438\u043a\u043e\u0432 \u044d\u0444\u0444\u0435\u043a\u0442 \u043e\u043a\u0430\u0437\u0430\u043b\u0441\u044f \u043a\u0430\u043a\u0438\u043c-\u0442\u043e \u043d\u0435\u043e\u0436\u0438\u0434\u0430\u043d\u043d\u044b\u043c \u0438\u043b\u0438 \u043d\u0435\u043e\u0431\u044b\u0447\u043d\u044b\u043c? \u041f\u0440\u0438\u043d\u043e\u0441\u0438 \u0441\u043e\u043f\u0440\u0438\u043a\u0430\u0441\u0430\u0432\u0448\u0438\u0435\u0441\u044f \u0441 \u043d\u0430\u0440\u043a\u043e\u0442\u0438\u043a\u0430\u043c\u0438 \u043f\u0440\u0435\u0434\u043c\u0435\u0442\u044b \u043d\u0430 \u0442\u0435\u0441\u0442\u0438\u0440\u043e\u0432\u0430\u043d\u0438\u0435! \u0425\u0438\u043c\u0438\u0447\u0435\u0441\u043a\u0438\u0439 \u0430\u043d\u0430\u043b\u0438\u0437 \u043f\u043e\u043c\u043e\u0436\u0435\u0442 \u0432\u044b\u044f\u0441\u043d\u0438\u0442\u044c, \u0441\u043e\u0434\u0435\u0440\u0436\u0430\u043b\u0438\u0441\u044c \u043b\u0438 \u0432 \u0443\u043f\u043e\u0442\u0440\u0435\u0431\u043b\u0435\u043d\u043d\u043e\u043c \u043d\u0430\u0440\u043a\u043e\u0442\u0438\u043a\u0435 \u043e\u043f\u0430\u0441\u043d\u044b\u0435 \u0432\u0435\u0449\u0435\u0441\u0442\u0432\u0430. \u0422\u0430\u043a \u0442\u044b \u0441\u043c\u043e\u0436\u0435\u0448\u044c \u043f\u043e\u043c\u043e\u0447\u044c \u043f\u0440\u0435\u0434\u043e\u0442\u0432\u0440\u0430\u0442\u0438\u0442\u044c \u0441\u0435\u0440\u044c\u0435\u0437\u043d\u044b\u0435 \u043d\u0430\u0440\u0443\u0448\u0435\u043d\u0438\u044f \u0437\u0434\u043e\u0440\u043e\u0432\u044c\u044f \u0438 \u0441\u043f\u0430\u0441\u0442\u0438 \u0436\u0438\u0437\u043d\u0438 \u043b\u044e\u0434\u0435\u0439. \u041d\u0430 \u0430\u043d\u0430\u043b\u0438\u0437 \u043f\u0440\u0438\u043d\u0438\u043c\u0430\u044e\u0442\u0441\u044f \u0442\u043e\u043b\u044c\u043a\u043e \u043f\u0440\u0435\u0434\u043c\u0435\u0442\u044b, \u043e\u0441\u0442\u0430\u0432\u0448\u0438\u0435\u0441\u044f \u043f\u043e\u0441\u043b\u0435 \u0443\u043f\u043e\u0442\u0440\u0435\u0431\u043b\u0435\u043d\u0438\u044f \u043d\u0430\u0440\u043a\u043e\u0442\u0438\u043a\u043e\u0432 \u0438 \u0441\u043e\u043f\u0440\u0438\u043a\u0430\u0441\u0430\u0432\u0448\u0438\u0435\u0441\u044f \u0441 \u043d\u0438\u043c\u0438 \u0438 \u043e\u0442 \u0443\u043f\u043e\u0442\u0440\u0435\u0431\u043b\u0435\u043d\u0438\u044f&#8230;<\/p>\n","protected":false},"author":13,"featured_media":53278,"parent":3614,"menu_order":9,"comment_status":"closed","ping_status":"closed","template":"","meta":{"inline_featured_image":false,"footnotes":""},"class_list":["post-53274","page","type-page","status-publish","has-post-thumbnail","hentry"],"acf":[],"yoast_head":"<!-- This site is optimized with the Yoast SEO plugin v19.6 - https:\/\/yoast.com\/wordpress\/plugins\/seo\/ -->\n<title>\u0422\u0435\u0441\u0442\u0438\u0440\u043e\u0432\u0430\u043d\u0438\u0435 \u043f\u0440\u0435\u0434\u043c\u0435\u0442\u043e\u0432, \u0441\u043e\u043f\u0440\u0438\u043a\u0430\u0441\u0430\u0432\u0448\u0438\u0445\u0441\u044f \u0441 \u043d\u0430\u0440\u043a\u043e\u0442\u0438\u043a\u0430\u043c\u0438 - Narko<\/title>\n<meta name=\"description\" content=\"Kui kogesid uimasti tarvitamisel midagi ootamatut v\u00f5i ebatavalist, too ainej\u00e4\u00e4giga ese anon\u00fc\u00fcmsele testimisele. See aitab tuvastada ohtlikke aineid ja ennetada tervisekahjusid. Vaata juhiseid ja kogumiskohti narko.ee\/testimine.\" \/>\n<meta name=\"robots\" content=\"index, follow, max-snippet:-1, max-image-preview:large, max-video-preview:-1\" \/>\n<link rel=\"canonical\" href=\"https:\/\/www.narko.ee\/ru\/so-obshhestvo\/testirovanie\/\" \/>\n<meta property=\"og:locale\" content=\"ru_RU\" \/>\n<meta property=\"og:type\" content=\"article\" \/>\n<meta property=\"og:title\" content=\"\u0422\u0435\u0441\u0442\u0438\u0440\u043e\u0432\u0430\u043d\u0438\u0435 \u043f\u0440\u0435\u0434\u043c\u0435\u0442\u043e\u0432, \u0441\u043e\u043f\u0440\u0438\u043a\u0430\u0441\u0430\u0432\u0448\u0438\u0445\u0441\u044f \u0441 \u043d\u0430\u0440\u043a\u043e\u0442\u0438\u043a\u0430\u043c\u0438 - Narko\" \/>\n<meta property=\"og:description\" content=\"Kui kogesid uimasti tarvitamisel midagi ootamatut v\u00f5i ebatavalist, too ainej\u00e4\u00e4giga ese anon\u00fc\u00fcmsele testimisele. See aitab tuvastada ohtlikke aineid ja ennetada tervisekahjusid. Vaata juhiseid ja kogumiskohti narko.ee\/testimine.\" \/>\n<meta property=\"og:url\" content=\"https:\/\/www.narko.ee\/ru\/so-obshhestvo\/testirovanie\/\" \/>\n<meta property=\"og:site_name\" content=\"Narko\" \/>\n<meta property=\"article:modified_time\" content=\"2026-03-19T08:21:17+00:00\" \/>\n<meta property=\"og:image\" content=\"https:\/\/www.narko.ee\/wp-content\/uploads\/2025\/12\/Screenshot-2025-12-03-114948.png\" \/>\n\t<meta property=\"og:image:width\" content=\"915\" \/>\n\t<meta property=\"og:image:height\" content=\"679\" \/>\n\t<meta property=\"og:image:type\" content=\"image\/png\" \/>\n<meta name=\"twitter:card\" content=\"summary_large_image\" \/>\n<meta name=\"twitter:label1\" content=\"Est. reading time\" \/>\n\t<meta name=\"twitter:data1\" content=\"2 minutes\" \/>\n<script type=\"application\/ld+json\" class=\"yoast-schema-graph\">{\"@context\":\"https:\/\/schema.org\",\"@graph\":[{\"@type\":\"WebPage\",\"@id\":\"https:\/\/www.narko.ee\/ru\/so-obshhestvo\/testirovanie\/\",\"url\":\"https:\/\/www.narko.ee\/ru\/so-obshhestvo\/testirovanie\/\",\"name\":\"\u0422\u0435\u0441\u0442\u0438\u0440\u043e\u0432\u0430\u043d\u0438\u0435 \u043f\u0440\u0435\u0434\u043c\u0435\u0442\u043e\u0432, \u0441\u043e\u043f\u0440\u0438\u043a\u0430\u0441\u0430\u0432\u0448\u0438\u0445\u0441\u044f \u0441 \u043d\u0430\u0440\u043a\u043e\u0442\u0438\u043a\u0430\u043c\u0438 - Narko\",\"isPartOf\":{\"@id\":\"https:\/\/www.narko.ee\/#website\"},\"datePublished\":\"2025-12-03T09:52:44+00:00\",\"dateModified\":\"2026-03-19T08:21:17+00:00\",\"description\":\"Kui kogesid uimasti tarvitamisel midagi ootamatut v\u00f5i ebatavalist, too ainej\u00e4\u00e4giga ese anon\u00fc\u00fcmsele testimisele. See aitab tuvastada ohtlikke aineid ja ennetada tervisekahjusid. Vaata juhiseid ja kogumiskohti narko.ee\/testimine.\",\"breadcrumb\":{\"@id\":\"https:\/\/www.narko.ee\/ru\/so-obshhestvo\/testirovanie\/#breadcrumb\"},\"inLanguage\":\"ru-RU\",\"potentialAction\":[{\"@type\":\"ReadAction\",\"target\":[\"https:\/\/www.narko.ee\/ru\/so-obshhestvo\/testirovanie\/\"]}]},{\"@type\":\"BreadcrumbList\",\"@id\":\"https:\/\/www.narko.ee\/ru\/so-obshhestvo\/testirovanie\/#breadcrumb\",\"itemListElement\":[{\"@type\":\"ListItem\",\"position\":1,\"name\":\"Home\",\"item\":\"https:\/\/www.narko.ee\/ru\/\"},{\"@type\":\"ListItem\",\"position\":2,\"name\":\"(\u0421\u043e)\u041e\u0431\u0449\u0435\u0441\u0442\u0432\u043e\",\"item\":\"https:\/\/www.narko.ee\/ru\/so-obshhestvo\/\"},{\"@type\":\"ListItem\",\"position\":3,\"name\":\"\u0422\u0435\u0441\u0442\u0438\u0440\u043e\u0432\u0430\u043d\u0438\u0435 \u043f\u0440\u0435\u0434\u043c\u0435\u0442\u043e\u0432, \u0441\u043e\u043f\u0440\u0438\u043a\u0430\u0441\u0430\u0432\u0448\u0438\u0445\u0441\u044f \u0441 \u043d\u0430\u0440\u043a\u043e\u0442\u0438\u043a\u0430\u043c\u0438\"}]},{\"@type\":\"WebSite\",\"@id\":\"https:\/\/www.narko.ee\/#website\",\"url\":\"https:\/\/www.narko.ee\/\",\"name\":\"Narko\",\"description\":\"\",\"potentialAction\":[{\"@type\":\"SearchAction\",\"target\":{\"@type\":\"EntryPoint\",\"urlTemplate\":\"https:\/\/www.narko.ee\/?s={search_term_string}\"},\"query-input\":\"required name=search_term_string\"}],\"inLanguage\":\"ru-RU\"}]}<\/script>\n<!-- \/ Yoast SEO plugin. -->","yoast_head_json":{"title":"\u0422\u0435\u0441\u0442\u0438\u0440\u043e\u0432\u0430\u043d\u0438\u0435 \u043f\u0440\u0435\u0434\u043c\u0435\u0442\u043e\u0432, \u0441\u043e\u043f\u0440\u0438\u043a\u0430\u0441\u0430\u0432\u0448\u0438\u0445\u0441\u044f \u0441 \u043d\u0430\u0440\u043a\u043e\u0442\u0438\u043a\u0430\u043c\u0438 - Narko","description":"Kui kogesid uimasti tarvitamisel midagi ootamatut v\u00f5i ebatavalist, too ainej\u00e4\u00e4giga ese anon\u00fc\u00fcmsele testimisele. See aitab tuvastada ohtlikke aineid ja ennetada tervisekahjusid. Vaata juhiseid ja kogumiskohti narko.ee\/testimine.","robots":{"index":"index","follow":"follow","max-snippet":"max-snippet:-1","max-image-preview":"max-image-preview:large","max-video-preview":"max-video-preview:-1"},"canonical":"https:\/\/www.narko.ee\/ru\/so-obshhestvo\/testirovanie\/","og_locale":"ru_RU","og_type":"article","og_title":"\u0422\u0435\u0441\u0442\u0438\u0440\u043e\u0432\u0430\u043d\u0438\u0435 \u043f\u0440\u0435\u0434\u043c\u0435\u0442\u043e\u0432, \u0441\u043e\u043f\u0440\u0438\u043a\u0430\u0441\u0430\u0432\u0448\u0438\u0445\u0441\u044f \u0441 \u043d\u0430\u0440\u043a\u043e\u0442\u0438\u043a\u0430\u043c\u0438 - Narko","og_description":"Kui kogesid uimasti tarvitamisel midagi ootamatut v\u00f5i ebatavalist, too ainej\u00e4\u00e4giga ese anon\u00fc\u00fcmsele testimisele. See aitab tuvastada ohtlikke aineid ja ennetada tervisekahjusid. Vaata juhiseid ja kogumiskohti narko.ee\/testimine.","og_url":"https:\/\/www.narko.ee\/ru\/so-obshhestvo\/testirovanie\/","og_site_name":"Narko","article_modified_time":"2026-03-19T08:21:17+00:00","og_image":[{"width":915,"height":679,"url":"https:\/\/www.narko.ee\/wp-content\/uploads\/2025\/12\/Screenshot-2025-12-03-114948.png","type":"image\/png"}],"twitter_card":"summary_large_image","twitter_misc":{"Est. reading time":"2 minutes"},"schema":{"@context":"https:\/\/schema.org","@graph":[{"@type":"WebPage","@id":"https:\/\/www.narko.ee\/ru\/so-obshhestvo\/testirovanie\/","url":"https:\/\/www.narko.ee\/ru\/so-obshhestvo\/testirovanie\/","name":"\u0422\u0435\u0441\u0442\u0438\u0440\u043e\u0432\u0430\u043d\u0438\u0435 \u043f\u0440\u0435\u0434\u043c\u0435\u0442\u043e\u0432, \u0441\u043e\u043f\u0440\u0438\u043a\u0430\u0441\u0430\u0432\u0448\u0438\u0445\u0441\u044f \u0441 \u043d\u0430\u0440\u043a\u043e\u0442\u0438\u043a\u0430\u043c\u0438 - Narko","isPartOf":{"@id":"https:\/\/www.narko.ee\/#website"},"datePublished":"2025-12-03T09:52:44+00:00","dateModified":"2026-03-19T08:21:17+00:00","description":"Kui kogesid uimasti tarvitamisel midagi ootamatut v\u00f5i ebatavalist, too ainej\u00e4\u00e4giga ese anon\u00fc\u00fcmsele testimisele. See aitab tuvastada ohtlikke aineid ja ennetada tervisekahjusid. Vaata juhiseid ja kogumiskohti narko.ee\/testimine.","breadcrumb":{"@id":"https:\/\/www.narko.ee\/ru\/so-obshhestvo\/testirovanie\/#breadcrumb"},"inLanguage":"ru-RU","potentialAction":[{"@type":"ReadAction","target":["https:\/\/www.narko.ee\/ru\/so-obshhestvo\/testirovanie\/"]}]},{"@type":"BreadcrumbList","@id":"https:\/\/www.narko.ee\/ru\/so-obshhestvo\/testirovanie\/#breadcrumb","itemListElement":[{"@type":"ListItem","position":1,"name":"Home","item":"https:\/\/www.narko.ee\/ru\/"},{"@type":"ListItem","position":2,"name":"(\u0421\u043e)\u041e\u0431\u0449\u0435\u0441\u0442\u0432\u043e","item":"https:\/\/www.narko.ee\/ru\/so-obshhestvo\/"},{"@type":"ListItem","position":3,"name":"\u0422\u0435\u0441\u0442\u0438\u0440\u043e\u0432\u0430\u043d\u0438\u0435 \u043f\u0440\u0435\u0434\u043c\u0435\u0442\u043e\u0432, \u0441\u043e\u043f\u0440\u0438\u043a\u0430\u0441\u0430\u0432\u0448\u0438\u0445\u0441\u044f \u0441 \u043d\u0430\u0440\u043a\u043e\u0442\u0438\u043a\u0430\u043c\u0438"}]},{"@type":"WebSite","@id":"https:\/\/www.narko.ee\/#website","url":"https:\/\/www.narko.ee\/","name":"Narko","description":"","potentialAction":[{"@type":"SearchAction","target":{"@type":"EntryPoint","urlTemplate":"https:\/\/www.narko.ee\/?s={search_term_string}"},"query-input":"required name=search_term_string"}],"inLanguage":"ru-RU"}]}},"_links":{"self":[{"href":"https:\/\/www.narko.ee\/ru\/wp-json\/wp\/v2\/pages\/53274","targetHints":{"allow":["GET"]}}],"collection":[{"href":"https:\/\/www.narko.ee\/ru\/wp-json\/wp\/v2\/pages"}],"about":[{"href":"https:\/\/www.narko.ee\/ru\/wp-json\/wp\/v2\/types\/page"}],"author":[{"embeddable":true,"href":"https:\/\/www.narko.ee\/ru\/wp-json\/wp\/v2\/users\/13"}],"replies":[{"embeddable":true,"href":"https:\/\/www.narko.ee\/ru\/wp-json\/wp\/v2\/comments?post=53274"}],"version-history":[{"count":6,"href":"https:\/\/www.narko.ee\/ru\/wp-json\/wp\/v2\/pages\/53274\/revisions"}],"predecessor-version":[{"id":53503,"href":"https:\/\/www.narko.ee\/ru\/wp-json\/wp\/v2\/pages\/53274\/revisions\/53503"}],"up":[{"embeddable":true,"href":"https:\/\/www.narko.ee\/ru\/wp-json\/wp\/v2\/pages\/3614"}],"wp:featuredmedia":[{"embeddable":true,"href":"https:\/\/www.narko.ee\/ru\/wp-json\/wp\/v2\/media\/53278"}],"wp:attachment":[{"href":"https:\/\/www.narko.ee\/ru\/wp-json\/wp\/v2\/media?parent=53274"}],"curies":[{"name":"wp","href":"https:\/\/api.w.org\/{rel}","templated":true}]}}